{"id":27,"date":"2025-11-06T10:24:55","date_gmt":"2025-11-06T10:24:55","guid":{"rendered":"https:\/\/iakiaurre.rkinformatika.online\/?page_id=27"},"modified":"2025-11-07T10:12:17","modified_gmt":"2025-11-07T10:12:17","slug":"servicios","status":"publish","type":"page","link":"https:\/\/iakiaurre.com\/eu\/servicios\/","title":{"rendered":"Zerbitzuak"},"content":{"rendered":"<div data-elementor-type=\"wp-page\" data-elementor-id=\"27\" class=\"elementor elementor-27\" data-elementor-post-type=\"page\">\n\t\t\t\t<div class=\"elementor-element elementor-element-ff47796 e-flex e-con-boxed e-con e-parent\" data-id=\"ff47796\" data-element_type=\"container\" data-e-type=\"container\" data-settings=\"{&quot;background_background&quot;:&quot;classic&quot;}\">\n\t\t\t\t\t<div class=\"e-con-inner\">\n\t\t\t\t<div class=\"elementor-element elementor-element-a98671f animated-slow elementor-invisible elementor-widget elementor-widget-heading\" data-id=\"a98671f\" data-element_type=\"widget\" data-e-type=\"widget\" data-settings=\"{&quot;_animation&quot;:&quot;fadeInRight&quot;}\" data-widget_type=\"heading.default\">\n\t\t\t\t\t<h2 class=\"elementor-heading-title elementor-size-default\">Descubre todo lo que tenemos para ti.<\/h2>\t\t\t\t<\/div>\n\t\t\t\t\t<\/div>\n\t\t\t\t<\/div>\n\t\t<div class=\"elementor-element elementor-element-0944cc4 e-flex e-con-boxed e-con e-parent\" data-id=\"0944cc4\" data-element_type=\"container\" data-e-type=\"container\">\n\t\t\t\t\t<div class=\"e-con-inner\">\n\t\t<div class=\"elementor-element elementor-element-a068e35 e-con-full e-flex e-con e-child\" data-id=\"a068e35\" data-element_type=\"container\" data-e-type=\"container\">\n\t\t\t\t<div class=\"elementor-element elementor-element-33aba33 elementor-position-top elementor-widget elementor-widget-image-box\" data-id=\"33aba33\" data-element_type=\"widget\" data-e-type=\"widget\" data-widget_type=\"image-box.default\">\n\t\t\t\t\t<div class=\"elementor-image-box-wrapper\"><figure class=\"elementor-image-box-img\"><img decoding=\"async\" src=\"https:\/\/iakiaurre.com\/wp-content\/uploads\/elementor\/thumbs\/36433-reb60l0eiv77ualyztf768csjnzlad059d65lvr6a0.jpg\" title=\"36433\" alt=\"36433\" loading=\"lazy\" \/><\/figure><div class=\"elementor-image-box-content\"><h3 class=\"elementor-image-box-title\">Desayunos<\/h3><p class=\"elementor-image-box-description\">Comienza el d\u00eda con energ\u00eda y buen sabor.<\/p><\/div><\/div>\t\t\t\t<\/div>\n\t\t\t\t<\/div>\n\t\t<div class=\"elementor-element elementor-element-2470436 e-con-full e-flex e-con e-child\" data-id=\"2470436\" data-element_type=\"container\" data-e-type=\"container\">\n\t\t\t\t<div class=\"elementor-element elementor-element-11191e0 elementor-position-top elementor-widget elementor-widget-image-box\" data-id=\"11191e0\" data-element_type=\"widget\" data-e-type=\"widget\" data-widget_type=\"image-box.default\">\n\t\t\t\t\t<div class=\"elementor-image-box-wrapper\"><figure class=\"elementor-image-box-img\"><img decoding=\"async\" src=\"https:\/\/iakiaurre.com\/wp-content\/uploads\/elementor\/thumbs\/44761-reb61zrorx4p98k8rfd1wvjomh1eu0lngceditnwy0.jpg\" title=\"44761\" alt=\"44761\" loading=\"lazy\" \/><\/figure><div class=\"elementor-image-box-content\"><h3 class=\"elementor-image-box-title\">Boller\u00eda y Reposter\u00eda Casera<\/h3><p class=\"elementor-image-box-description\">Delicias reci\u00e9n hechas cada d\u00eda.<\/p><\/div><\/div>\t\t\t\t<\/div>\n\t\t\t\t<\/div>\n\t\t\t\t\t<\/div>\n\t\t\t\t<\/div>\n\t\t<div class=\"elementor-element elementor-element-252ff9b e-flex e-con-boxed e-con e-parent\" data-id=\"252ff9b\" data-element_type=\"container\" data-e-type=\"container\">\n\t\t\t\t\t<div class=\"e-con-inner\">\n\t\t<div class=\"elementor-element elementor-element-b922db2 e-con-full e-flex e-con e-child\" data-id=\"b922db2\" data-element_type=\"container\" data-e-type=\"container\">\n\t\t\t\t<div class=\"elementor-element elementor-element-51d2a99 elementor-position-top elementor-widget elementor-widget-image-box\" data-id=\"51d2a99\" data-element_type=\"widget\" data-e-type=\"widget\" data-widget_type=\"image-box.default\">\n\t\t\t\t\t<div class=\"elementor-image-box-wrapper\"><figure class=\"elementor-image-box-img\"><img decoding=\"async\" src=\"https:\/\/iakiaurre.com\/wp-content\/uploads\/elementor\/thumbs\/89-reb6969azcyjy04ru13ggkbfzfncms3u3vswhx0new.jpg\" title=\"89\" alt=\"89\" loading=\"lazy\" \/><\/figure><div class=\"elementor-image-box-content\"><h3 class=\"elementor-image-box-title\">Pintxos y Raciones<\/h3><p class=\"elementor-image-box-description\">Tradici\u00f3n y sabor en peque\u00f1o formato.<\/p><\/div><\/div>\t\t\t\t<\/div>\n\t\t\t\t<\/div>\n\t\t<div class=\"elementor-element elementor-element-9240dcf e-con-full e-flex e-con e-child\" data-id=\"9240dcf\" data-element_type=\"container\" data-e-type=\"container\">\n\t\t\t\t<div class=\"elementor-element elementor-element-a4a3f0c elementor-position-top elementor-widget elementor-widget-image-box\" data-id=\"a4a3f0c\" data-element_type=\"widget\" data-e-type=\"widget\" data-widget_type=\"image-box.default\">\n\t\t\t\t\t<div class=\"elementor-image-box-wrapper\"><figure class=\"elementor-image-box-img\"><img decoding=\"async\" src=\"https:\/\/iakiaurre.com\/wp-content\/uploads\/elementor\/thumbs\/223-reb6bc9wqlxcpmzg6gthpimpaeytdnpk2ly7bvsz2g.jpg\" title=\"223\" alt=\"223\" loading=\"lazy\" \/><\/figure><div class=\"elementor-image-box-content\"><h3 class=\"elementor-image-box-title\">Encargos para Llevar<\/h3><p class=\"elementor-image-box-description\">El sabor de AXLOR KAFE, donde t\u00fa quieras.<\/p><\/div><\/div>\t\t\t\t<\/div>\n\t\t\t\t<\/div>\n\t\t\t\t\t<\/div>\n\t\t\t\t<\/div>\n\t\t<div class=\"elementor-element elementor-element-839256c e-con-full e-flex e-con e-parent\" data-id=\"839256c\" data-element_type=\"container\" data-e-type=\"container\">\n\t\t\t\t<div class=\"elementor-element elementor-element-3e94629 elementor-cta--skin-cover elementor-animated-content elementor-bg-transform elementor-bg-transform-zoom-in elementor-widget elementor-widget-call-to-action\" data-id=\"3e94629\" data-element_type=\"widget\" data-e-type=\"widget\" data-widget_type=\"call-to-action.default\">\n\t\t\t\t\t\t\t<div class=\"elementor-cta\">\n\t\t\t\t\t<div class=\"elementor-cta__bg-wrapper\">\n\t\t\t\t<div class=\"elementor-cta__bg elementor-bg\" style=\"background-image: url(https:\/\/iakiaurre.com\/wp-content\/uploads\/2025\/11\/typeelementorsiteurlhttpsbarbuenosaires.eswp-jsonelementside2cadf8elTypecontainerisInnerfalseisLockedfalsesettingsflex_directionrowflex_gapsize0unitcolumn0row0isLinkedtrue-1024x683.png);\" role=\"img\" aria-label=\"{typeelementor,siteurlhttpsbarbuenosaires.eswp-json,elements[{ide2cadf8,elTypecontainer,isInnerfalse,isLockedfalse,settings{flex_directionrow,flex_gap{size0,unit%,column0,row0,isLinkedtrue}\"><\/div>\n\t\t\t\t<div class=\"elementor-cta__bg-overlay\"><\/div>\n\t\t\t<\/div>\n\t\t\t\t\t\t\t<div class=\"elementor-cta__content\">\n\t\t\t\t\n\t\t\t\t\t\t\t\t\t<h2 class=\"elementor-cta__title elementor-cta__content-item elementor-content-item elementor-animated-item--grow\">\n\t\t\t\t\t\tDisfruta de nuestros sabores, donde y cuando quieras.\t\t\t\t\t<\/h2>\n\t\t\t\t\n\t\t\t\t\n\t\t\t\t\t\t\t\t\t<div class=\"elementor-cta__button-wrapper elementor-cta__content-item elementor-content-item elementor-animated-item--grow\">\n\t\t\t\t\t<a class=\"elementor-cta__button elementor-button elementor-size-\" href=\"https:\/\/iakiaurre.com\/eu\/contacto\/\">\n\t\t\t\t\t\tKontaktua\t\t\t\t\t<\/a>\n\t\t\t\t\t<\/div>\n\t\t\t\t\t\t\t<\/div>\n\t\t\t\t\t\t<\/div>\n\t\t\t\t\t\t<\/div>\n\t\t\t\t<\/div>\n\t\t\t\t<\/div>","protected":false},"excerpt":{"rendered":"<p>Descubre todo lo que tenemos para ti. Desayunos Comienza el d\u00eda con energ\u00eda y buen sabor. Boller\u00eda y Reposter\u00eda Casera Delicias reci\u00e9n hechas cada d\u00eda. Pintxos y Raciones Tradici\u00f3n y sabor en peque\u00f1o formato. Encargos para Llevar El sabor de AXLOR KAFE, donde t\u00fa quieras. Disfruta de nuestros sabores, donde y cuando quieras. Contacto<\/p>","protected":false},"author":1,"featured_media":0,"parent":0,"menu_order":0,"comment_status":"closed","ping_status":"closed","template":"elementor_canvas","meta":{"footnotes":""},"class_list":["post-27","page","type-page","status-publish","hentry"],"yoast_head":"<!-- This site is optimized with the Yoast SEO plugin v27.3 - https:\/\/yoast.com\/product\/yoast-seo-wordpress\/ -->\n<title>Servicios - Iaki Aurre<\/title>\n<meta name=\"robots\" content=\"index, follow, max-snippet:-1, max-image-preview:large, max-video-preview:-1\" \/>\n<link rel=\"canonical\" href=\"https:\/\/iakiaurre.com\/eu\/servicios\/\" \/>\n<meta property=\"og:locale\" content=\"en_US\" \/>\n<meta property=\"og:type\" content=\"article\" \/>\n<meta property=\"og:title\" content=\"Servicios - Iaki Aurre\" \/>\n<meta property=\"og:description\" content=\"Descubre todo lo que tenemos para ti. Desayunos Comienza el d\u00eda con energ\u00eda y buen sabor. Boller\u00eda y Reposter\u00eda Casera Delicias reci\u00e9n hechas cada d\u00eda. Pintxos y Raciones Tradici\u00f3n y sabor en peque\u00f1o formato. Encargos para Llevar El sabor de AXLOR KAFE, donde t\u00fa quieras. Disfruta de nuestros sabores, donde y cuando quieras. Contacto\" \/>\n<meta property=\"og:url\" content=\"https:\/\/iakiaurre.com\/eu\/servicios\/\" \/>\n<meta property=\"og:site_name\" content=\"Iaki Aurre\" \/>\n<meta property=\"article:modified_time\" content=\"2025-11-07T10:12:17+00:00\" \/>\n<meta property=\"og:image\" content=\"https:\/\/iakiaurre.com\/wp-content\/uploads\/elementor\/thumbs\/36433-reb60l0eiv77ualyztf768csjnzlad059d65lvr6a0.jpg\" \/>\n<meta name=\"twitter:card\" content=\"summary_large_image\" \/>\n<meta name=\"twitter:label1\" content=\"Est. reading time\" \/>\n\t<meta name=\"twitter:data1\" content=\"2 minutua\" \/>\n<script type=\"application\/ld+json\" class=\"yoast-schema-graph\">{\"@context\":\"https:\\\/\\\/schema.org\",\"@graph\":[{\"@type\":\"WebPage\",\"@id\":\"https:\\\/\\\/iakiaurre.com\\\/servicios\\\/\",\"url\":\"https:\\\/\\\/iakiaurre.com\\\/servicios\\\/\",\"name\":\"Servicios - Iaki Aurre\",\"isPartOf\":{\"@id\":\"https:\\\/\\\/iakiaurre.com\\\/#website\"},\"primaryImageOfPage\":{\"@id\":\"https:\\\/\\\/iakiaurre.com\\\/servicios\\\/#primaryimage\"},\"image\":{\"@id\":\"https:\\\/\\\/iakiaurre.com\\\/servicios\\\/#primaryimage\"},\"thumbnailUrl\":\"https:\\\/\\\/iakiaurre.com\\\/wp-content\\\/uploads\\\/elementor\\\/thumbs\\\/36433-reb60l0eiv77ualyztf768csjnzlad059d65lvr6a0.jpg\",\"datePublished\":\"2025-11-06T10:24:55+00:00\",\"dateModified\":\"2025-11-07T10:12:17+00:00\",\"breadcrumb\":{\"@id\":\"https:\\\/\\\/iakiaurre.com\\\/servicios\\\/#breadcrumb\"},\"inLanguage\":\"eu\",\"potentialAction\":[{\"@type\":\"ReadAction\",\"target\":[\"https:\\\/\\\/iakiaurre.com\\\/servicios\\\/\"]}]},{\"@type\":\"ImageObject\",\"inLanguage\":\"eu\",\"@id\":\"https:\\\/\\\/iakiaurre.com\\\/servicios\\\/#primaryimage\",\"url\":\"https:\\\/\\\/iakiaurre.com\\\/wp-content\\\/uploads\\\/elementor\\\/thumbs\\\/36433-reb60l0eiv77ualyztf768csjnzlad059d65lvr6a0.jpg\",\"contentUrl\":\"https:\\\/\\\/iakiaurre.com\\\/wp-content\\\/uploads\\\/elementor\\\/thumbs\\\/36433-reb60l0eiv77ualyztf768csjnzlad059d65lvr6a0.jpg\"},{\"@type\":\"BreadcrumbList\",\"@id\":\"https:\\\/\\\/iakiaurre.com\\\/servicios\\\/#breadcrumb\",\"itemListElement\":[{\"@type\":\"ListItem\",\"position\":1,\"name\":\"Portada\",\"item\":\"https:\\\/\\\/iakiaurre.com\\\/\"},{\"@type\":\"ListItem\",\"position\":2,\"name\":\"Servicios\"}]},{\"@type\":\"WebSite\",\"@id\":\"https:\\\/\\\/iakiaurre.com\\\/#website\",\"url\":\"https:\\\/\\\/iakiaurre.com\\\/\",\"name\":\"Iaki Aurre\",\"description\":\"Desayunos y boller\u00eda reposter\u00eda y pintxos. Raciones y encargos para llevar.\",\"publisher\":{\"@id\":\"https:\\\/\\\/iakiaurre.com\\\/#organization\"},\"potentialAction\":[{\"@type\":\"SearchAction\",\"target\":{\"@type\":\"EntryPoint\",\"urlTemplate\":\"https:\\\/\\\/iakiaurre.com\\\/?s={search_term_string}\"},\"query-input\":{\"@type\":\"PropertyValueSpecification\",\"valueRequired\":true,\"valueName\":\"search_term_string\"}}],\"inLanguage\":\"eu\"},{\"@type\":\"Organization\",\"@id\":\"https:\\\/\\\/iakiaurre.com\\\/#organization\",\"name\":\"Iaki Aurre\",\"url\":\"https:\\\/\\\/iakiaurre.com\\\/\",\"logo\":{\"@type\":\"ImageObject\",\"inLanguage\":\"eu\",\"@id\":\"https:\\\/\\\/iakiaurre.com\\\/#\\\/schema\\\/logo\\\/image\\\/\",\"url\":\"https:\\\/\\\/iakiaurre.com\\\/wp-content\\\/uploads\\\/2025\\\/11\\\/cropped-logo.png\",\"contentUrl\":\"https:\\\/\\\/iakiaurre.com\\\/wp-content\\\/uploads\\\/2025\\\/11\\\/cropped-logo.png\",\"width\":1363,\"height\":389,\"caption\":\"Iaki Aurre\"},\"image\":{\"@id\":\"https:\\\/\\\/iakiaurre.com\\\/#\\\/schema\\\/logo\\\/image\\\/\"}}]}<\/script>\n<!-- \/ Yoast SEO plugin. -->","yoast_head_json":{"title":"Servicios - Iaki Aurre","robots":{"index":"index","follow":"follow","max-snippet":"max-snippet:-1","max-image-preview":"max-image-preview:large","max-video-preview":"max-video-preview:-1"},"canonical":"https:\/\/iakiaurre.com\/eu\/servicios\/","og_locale":"en_US","og_type":"article","og_title":"Servicios - Iaki Aurre","og_description":"Descubre todo lo que tenemos para ti. Desayunos Comienza el d\u00eda con energ\u00eda y buen sabor. Boller\u00eda y Reposter\u00eda Casera Delicias reci\u00e9n hechas cada d\u00eda. Pintxos y Raciones Tradici\u00f3n y sabor en peque\u00f1o formato. Encargos para Llevar El sabor de AXLOR KAFE, donde t\u00fa quieras. Disfruta de nuestros sabores, donde y cuando quieras. Contacto","og_url":"https:\/\/iakiaurre.com\/eu\/servicios\/","og_site_name":"Iaki Aurre","article_modified_time":"2025-11-07T10:12:17+00:00","og_image":[{"url":"https:\/\/iakiaurre.com\/wp-content\/uploads\/elementor\/thumbs\/36433-reb60l0eiv77ualyztf768csjnzlad059d65lvr6a0.jpg","type":"","width":"","height":""}],"twitter_card":"summary_large_image","twitter_misc":{"Est. reading time":"2 minutua"},"schema":{"@context":"https:\/\/schema.org","@graph":[{"@type":"WebPage","@id":"https:\/\/iakiaurre.com\/servicios\/","url":"https:\/\/iakiaurre.com\/servicios\/","name":"Servicios - Iaki Aurre","isPartOf":{"@id":"https:\/\/iakiaurre.com\/#website"},"primaryImageOfPage":{"@id":"https:\/\/iakiaurre.com\/servicios\/#primaryimage"},"image":{"@id":"https:\/\/iakiaurre.com\/servicios\/#primaryimage"},"thumbnailUrl":"https:\/\/iakiaurre.com\/wp-content\/uploads\/elementor\/thumbs\/36433-reb60l0eiv77ualyztf768csjnzlad059d65lvr6a0.jpg","datePublished":"2025-11-06T10:24:55+00:00","dateModified":"2025-11-07T10:12:17+00:00","breadcrumb":{"@id":"https:\/\/iakiaurre.com\/servicios\/#breadcrumb"},"inLanguage":"eu","potentialAction":[{"@type":"ReadAction","target":["https:\/\/iakiaurre.com\/servicios\/"]}]},{"@type":"ImageObject","inLanguage":"eu","@id":"https:\/\/iakiaurre.com\/servicios\/#primaryimage","url":"https:\/\/iakiaurre.com\/wp-content\/uploads\/elementor\/thumbs\/36433-reb60l0eiv77ualyztf768csjnzlad059d65lvr6a0.jpg","contentUrl":"https:\/\/iakiaurre.com\/wp-content\/uploads\/elementor\/thumbs\/36433-reb60l0eiv77ualyztf768csjnzlad059d65lvr6a0.jpg"},{"@type":"BreadcrumbList","@id":"https:\/\/iakiaurre.com\/servicios\/#breadcrumb","itemListElement":[{"@type":"ListItem","position":1,"name":"Portada","item":"https:\/\/iakiaurre.com\/"},{"@type":"ListItem","position":2,"name":"Servicios"}]},{"@type":"WebSite","@id":"https:\/\/iakiaurre.com\/#website","url":"https:\/\/iakiaurre.com\/","name":"Iaki Aurre","description":"Desayunos y boller\u00eda reposter\u00eda y pintxos. Raciones y encargos para llevar.","publisher":{"@id":"https:\/\/iakiaurre.com\/#organization"},"potentialAction":[{"@type":"SearchAction","target":{"@type":"EntryPoint","urlTemplate":"https:\/\/iakiaurre.com\/?s={search_term_string}"},"query-input":{"@type":"PropertyValueSpecification","valueRequired":true,"valueName":"search_term_string"}}],"inLanguage":"eu"},{"@type":"Organization","@id":"https:\/\/iakiaurre.com\/#organization","name":"Iaki Aurre","url":"https:\/\/iakiaurre.com\/","logo":{"@type":"ImageObject","inLanguage":"eu","@id":"https:\/\/iakiaurre.com\/#\/schema\/logo\/image\/","url":"https:\/\/iakiaurre.com\/wp-content\/uploads\/2025\/11\/cropped-logo.png","contentUrl":"https:\/\/iakiaurre.com\/wp-content\/uploads\/2025\/11\/cropped-logo.png","width":1363,"height":389,"caption":"Iaki Aurre"},"image":{"@id":"https:\/\/iakiaurre.com\/#\/schema\/logo\/image\/"}}]}},"_links":{"self":[{"href":"https:\/\/iakiaurre.com\/eu\/wp-json\/wp\/v2\/pages\/27","targetHints":{"allow":["GET"]}}],"collection":[{"href":"https:\/\/iakiaurre.com\/eu\/wp-json\/wp\/v2\/pages"}],"about":[{"href":"https:\/\/iakiaurre.com\/eu\/wp-json\/wp\/v2\/types\/page"}],"author":[{"embeddable":true,"href":"https:\/\/iakiaurre.com\/eu\/wp-json\/wp\/v2\/users\/1"}],"replies":[{"embeddable":true,"href":"https:\/\/iakiaurre.com\/eu\/wp-json\/wp\/v2\/comments?post=27"}],"version-history":[{"count":19,"href":"https:\/\/iakiaurre.com\/eu\/wp-json\/wp\/v2\/pages\/27\/revisions"}],"predecessor-version":[{"id":255,"href":"https:\/\/iakiaurre.com\/eu\/wp-json\/wp\/v2\/pages\/27\/revisions\/255"}],"wp:attachment":[{"href":"https:\/\/iakiaurre.com\/eu\/wp-json\/wp\/v2\/media?parent=27"}],"curies":[{"name":"wp","href":"https:\/\/api.w.org\/{rel}","templated":true}]}}