{"id":2,"date":"2025-10-30T14:42:48","date_gmt":"2025-10-30T14:42:48","guid":{"rendered":"https:\/\/iakiaurre.rkinformatika.online\/?page_id=2"},"modified":"2025-11-07T10:09:41","modified_gmt":"2025-11-07T10:09:41","slug":"inicio","status":"publish","type":"page","link":"https:\/\/iakiaurre.com\/eu\/","title":{"rendered":"Hasiera"},"content":{"rendered":"<div data-elementor-type=\"wp-page\" data-elementor-id=\"2\" class=\"elementor elementor-2\" data-elementor-post-type=\"page\">\n\t\t\t\t<div class=\"elementor-element elementor-element-52eaca1 e-flex e-con-boxed e-con e-parent\" data-id=\"52eaca1\" data-element_type=\"container\" data-e-type=\"container\" data-settings=\"{&quot;background_background&quot;:&quot;classic&quot;}\">\n\t\t\t\t\t<div class=\"e-con-inner\">\n\t\t\t\t<div class=\"elementor-element elementor-element-28b6cde animated-slow elementor-invisible elementor-widget elementor-widget-heading\" data-id=\"28b6cde\" data-element_type=\"widget\" data-e-type=\"widget\" data-settings=\"{&quot;_animation&quot;:&quot;fadeInRight&quot;}\" data-widget_type=\"heading.default\">\n\t\t\t\t\t<h2 class=\"elementor-heading-title elementor-size-default\">Irribarreak pizten dituzten zaporeak<\/h2>\t\t\t\t<\/div>\n\t\t\t\t\t<\/div>\n\t\t\t\t<\/div>\n\t\t<div class=\"elementor-element elementor-element-33fefe5 e-flex e-con-boxed e-con e-parent\" data-id=\"33fefe5\" data-element_type=\"container\" data-e-type=\"container\">\n\t\t\t\t\t<div class=\"e-con-inner\">\n\t\t<div class=\"elementor-element elementor-element-66f7487 e-con-full e-flex e-con e-child\" data-id=\"66f7487\" data-element_type=\"container\" data-e-type=\"container\">\n\t\t\t\t<div class=\"elementor-element elementor-element-bccc91d elementor-widget elementor-widget-heading\" data-id=\"bccc91d\" data-element_type=\"widget\" data-e-type=\"widget\" data-widget_type=\"heading.default\">\n\t\t\t\t\t<h2 class=\"elementor-heading-title elementor-size-default\">Guri Buruz<\/h2>\t\t\t\t<\/div>\n\t\t\t\t<div class=\"elementor-element elementor-element-2ee3e7e elementor-widget elementor-widget-text-editor\" data-id=\"2ee3e7e\" data-element_type=\"widget\" data-e-type=\"widget\" data-widget_type=\"text-editor.default\">\n\t\t\t\t\t\t\t\t\t<p>1993az geroztik, AXLOR KAFE kafetegi taberna bat baino askoz gehiago da: xehetasun bakoitza maitasunez eta tradizioz prestatzen den leku familiarra da. Ostalaritzaren munduari eskainita, giro atsegina eskaintzen dugu une onez gozatzeko, zapore onenekin lagunduta.<\/p><p>Gure historia familia proiektu gisa hasi zen, pintxoekiko, etxeko gozokiekiko eta konpainia onarekiko dugun pasioa partekatzeko ilusioarekin. Urteetan zehar, topagune bihurtu gara kalitatezko kafeaz, gosari osoaz edo askari berezi batez gozatu nahi duten bizilagun, lagun eta bisitarientzat.<\/p><p>AXLOR KAFEn gosari, opil eta artisau gozogintza aukera zabala aurkituko duzu, baita osagai fresko eta lokalekin egindako pintxo eta anoa sorta bat ere. Eramateko enkarguak ere eskaintzen ditugu, gure zaporeez nahi duzun tokian gozatu ahal izan dezazun.<\/p><p>Hiru hamarkada baino gehiago geroago, esentzia berarekin jarraitzen dugu: hurbileko zerbitzua eskaintzea, sukaldaritza erraza baina zaindua, eta etxean egindakoaren benetako zaporea.<\/p>\t\t\t\t\t\t\t\t<\/div>\n\t\t\t\t<\/div>\n\t\t<div class=\"elementor-element elementor-element-b189544 e-con-full e-flex e-con e-child\" data-id=\"b189544\" data-element_type=\"container\" data-e-type=\"container\">\n\t\t\t\t<div class=\"elementor-element elementor-element-3393e35 elementor-widget elementor-widget-image\" data-id=\"3393e35\" data-element_type=\"widget\" data-e-type=\"widget\" data-widget_type=\"image.default\">\n\t\t\t\t\t\t\t\t\t\t\t\t\t\t\t<img fetchpriority=\"high\" decoding=\"async\" width=\"683\" height=\"1024\" src=\"https:\/\/iakiaurre.com\/wp-content\/uploads\/2025\/11\/20585165-683x1024.jpg\" class=\"attachment-large size-large wp-image-137\" alt=\"\" srcset=\"https:\/\/iakiaurre.com\/wp-content\/uploads\/2025\/11\/20585165-683x1024.jpg 683w, https:\/\/iakiaurre.com\/wp-content\/uploads\/2025\/11\/20585165-200x300.jpg 200w, https:\/\/iakiaurre.com\/wp-content\/uploads\/2025\/11\/20585165-768x1152.jpg 768w, https:\/\/iakiaurre.com\/wp-content\/uploads\/2025\/11\/20585165-8x12.jpg 8w, https:\/\/iakiaurre.com\/wp-content\/uploads\/2025\/11\/20585165.jpg 1000w\" sizes=\"(max-width: 683px) 100vw, 683px\" \/>\t\t\t\t\t\t\t\t\t\t\t\t\t\t\t<\/div>\n\t\t\t\t<\/div>\n\t\t\t\t\t<\/div>\n\t\t\t\t<\/div>\n\t\t<div class=\"elementor-element elementor-element-1f98412 e-con-full e-flex e-con e-parent\" data-id=\"1f98412\" data-element_type=\"container\" data-e-type=\"container\">\n\t\t\t\t<div class=\"elementor-element elementor-element-05b5823 elementor-cta--skin-cover elementor-animated-content elementor-bg-transform elementor-bg-transform-zoom-in elementor-widget elementor-widget-call-to-action\" data-id=\"05b5823\" data-element_type=\"widget\" data-e-type=\"widget\" data-widget_type=\"call-to-action.default\">\n\t\t\t\t\t\t\t<div class=\"elementor-cta\">\n\t\t\t\t\t<div class=\"elementor-cta__bg-wrapper\">\n\t\t\t\t<div class=\"elementor-cta__bg elementor-bg\" style=\"background-image: url(https:\/\/iakiaurre.com\/wp-content\/uploads\/2025\/11\/104-1024x702.jpg);\" role=\"img\" aria-label=\"104\"><\/div>\n\t\t\t\t<div class=\"elementor-cta__bg-overlay\"><\/div>\n\t\t\t<\/div>\n\t\t\t\t\t\t\t<div class=\"elementor-cta__content\">\n\t\t\t\t\n\t\t\t\t\t\t\t\t\t<h2 class=\"elementor-cta__title elementor-cta__content-item elementor-content-item elementor-animated-item--grow\">\n\t\t\t\t\t\tkafe bakoitzak istorio bat kontatzen du\t\t\t\t\t<\/h2>\n\t\t\t\t\n\t\t\t\t\n\t\t\t\t\t\t\t\t\t<div class=\"elementor-cta__button-wrapper elementor-cta__content-item elementor-content-item elementor-animated-item--grow\">\n\t\t\t\t\t<a class=\"elementor-cta__button elementor-button elementor-size-\" href=\"https:\/\/iakiaurre.com\/eu\/servicios\/\">\n\t\t\t\t\t\tZerbitzuak\t\t\t\t\t<\/a>\n\t\t\t\t\t<\/div>\n\t\t\t\t\t\t\t<\/div>\n\t\t\t\t\t\t<\/div>\n\t\t\t\t\t\t<\/div>\n\t\t\t\t<\/div>\n\t\t\t\t<\/div>","protected":false},"excerpt":{"rendered":"<p>Sabores que despiertan sonrisas Sobre nosotros Desde 1993, AXLOR KAFE es mucho m\u00e1s que una cafeter\u00eda bar: es un lugar familiar donde cada detalle se prepara con cari\u00f1o y tradici\u00f3n. Dedicados al mundo de la hosteler\u00eda, ofrecemos un ambiente acogedor para disfrutar de buenos momentos acompa\u00f1ados de los mejores sabores. Nuestra historia comenz\u00f3 como un [&hellip;]<\/p>\n","protected":false},"author":1,"featured_media":0,"parent":0,"menu_order":0,"comment_status":"closed","ping_status":"closed","template":"elementor_canvas","meta":{"footnotes":""},"class_list":["post-2","page","type-page","status-publish","hentry"],"yoast_head":"<!-- This site is optimized with the Yoast SEO plugin v27.4 - https:\/\/yoast.com\/product\/yoast-seo-wordpress\/ -->\n<title>Inicio - Iaki Aurre<\/title>\n<meta name=\"robots\" content=\"index, follow, max-snippet:-1, max-image-preview:large, max-video-preview:-1\" \/>\n<link rel=\"canonical\" href=\"https:\/\/iakiaurre.com\/eu\/\" \/>\n<meta property=\"og:locale\" content=\"en_US\" \/>\n<meta property=\"og:type\" content=\"article\" \/>\n<meta property=\"og:title\" content=\"Inicio - Iaki Aurre\" \/>\n<meta property=\"og:description\" content=\"Sabores que despiertan sonrisas Sobre nosotros Desde 1993, AXLOR KAFE es mucho m\u00e1s que una cafeter\u00eda bar: es un lugar familiar donde cada detalle se prepara con cari\u00f1o y tradici\u00f3n. Dedicados al mundo de la hosteler\u00eda, ofrecemos un ambiente acogedor para disfrutar de buenos momentos acompa\u00f1ados de los mejores sabores. Nuestra historia comenz\u00f3 como un [&hellip;]\" \/>\n<meta property=\"og:url\" content=\"https:\/\/iakiaurre.com\/eu\/\" \/>\n<meta property=\"og:site_name\" content=\"Iaki Aurre\" \/>\n<meta property=\"article:modified_time\" content=\"2025-11-07T10:09:41+00:00\" \/>\n<meta property=\"og:image\" content=\"https:\/\/iakiaurre.com\/wp-content\/uploads\/2025\/11\/20585165-683x1024.jpg\" \/>\n<meta name=\"twitter:card\" content=\"summary_large_image\" \/>\n<meta name=\"twitter:label1\" content=\"Est. reading time\" \/>\n\t<meta name=\"twitter:data1\" content=\"1 minutua\" \/>\n<script type=\"application\/ld+json\" class=\"yoast-schema-graph\">{\"@context\":\"https:\\\/\\\/schema.org\",\"@graph\":[{\"@type\":\"WebPage\",\"@id\":\"https:\\\/\\\/iakiaurre.com\\\/\",\"url\":\"https:\\\/\\\/iakiaurre.com\\\/\",\"name\":\"Inicio - Iaki Aurre\",\"isPartOf\":{\"@id\":\"https:\\\/\\\/iakiaurre.com\\\/#website\"},\"primaryImageOfPage\":{\"@id\":\"https:\\\/\\\/iakiaurre.com\\\/#primaryimage\"},\"image\":{\"@id\":\"https:\\\/\\\/iakiaurre.com\\\/#primaryimage\"},\"thumbnailUrl\":\"https:\\\/\\\/iakiaurre.com\\\/wp-content\\\/uploads\\\/2025\\\/11\\\/20585165-683x1024.jpg\",\"datePublished\":\"2025-10-30T14:42:48+00:00\",\"dateModified\":\"2025-11-07T10:09:41+00:00\",\"breadcrumb\":{\"@id\":\"https:\\\/\\\/iakiaurre.com\\\/#breadcrumb\"},\"inLanguage\":\"eu\",\"potentialAction\":[{\"@type\":\"ReadAction\",\"target\":[\"https:\\\/\\\/iakiaurre.com\\\/\"]}]},{\"@type\":\"ImageObject\",\"inLanguage\":\"eu\",\"@id\":\"https:\\\/\\\/iakiaurre.com\\\/#primaryimage\",\"url\":\"https:\\\/\\\/iakiaurre.com\\\/wp-content\\\/uploads\\\/2025\\\/11\\\/20585165-683x1024.jpg\",\"contentUrl\":\"https:\\\/\\\/iakiaurre.com\\\/wp-content\\\/uploads\\\/2025\\\/11\\\/20585165-683x1024.jpg\"},{\"@type\":\"BreadcrumbList\",\"@id\":\"https:\\\/\\\/iakiaurre.com\\\/#breadcrumb\",\"itemListElement\":[{\"@type\":\"ListItem\",\"position\":1,\"name\":\"Portada\",\"item\":\"https:\\\/\\\/iakiaurre.com\\\/\"},{\"@type\":\"ListItem\",\"position\":2,\"name\":\"Inicio\"}]},{\"@type\":\"WebSite\",\"@id\":\"https:\\\/\\\/iakiaurre.com\\\/#website\",\"url\":\"https:\\\/\\\/iakiaurre.com\\\/\",\"name\":\"Iaki Aurre\",\"description\":\"Desayunos y boller\u00eda reposter\u00eda y pintxos. Raciones y encargos para llevar.\",\"publisher\":{\"@id\":\"https:\\\/\\\/iakiaurre.com\\\/#organization\"},\"potentialAction\":[{\"@type\":\"SearchAction\",\"target\":{\"@type\":\"EntryPoint\",\"urlTemplate\":\"https:\\\/\\\/iakiaurre.com\\\/?s={search_term_string}\"},\"query-input\":{\"@type\":\"PropertyValueSpecification\",\"valueRequired\":true,\"valueName\":\"search_term_string\"}}],\"inLanguage\":\"eu\"},{\"@type\":\"Organization\",\"@id\":\"https:\\\/\\\/iakiaurre.com\\\/#organization\",\"name\":\"Iaki Aurre\",\"url\":\"https:\\\/\\\/iakiaurre.com\\\/\",\"logo\":{\"@type\":\"ImageObject\",\"inLanguage\":\"eu\",\"@id\":\"https:\\\/\\\/iakiaurre.com\\\/#\\\/schema\\\/logo\\\/image\\\/\",\"url\":\"https:\\\/\\\/iakiaurre.com\\\/wp-content\\\/uploads\\\/2025\\\/11\\\/cropped-logo.png\",\"contentUrl\":\"https:\\\/\\\/iakiaurre.com\\\/wp-content\\\/uploads\\\/2025\\\/11\\\/cropped-logo.png\",\"width\":1363,\"height\":389,\"caption\":\"Iaki Aurre\"},\"image\":{\"@id\":\"https:\\\/\\\/iakiaurre.com\\\/#\\\/schema\\\/logo\\\/image\\\/\"}}]}<\/script>\n<!-- \/ Yoast SEO plugin. -->","yoast_head_json":{"title":"Inicio - Iaki Aurre","robots":{"index":"index","follow":"follow","max-snippet":"max-snippet:-1","max-image-preview":"max-image-preview:large","max-video-preview":"max-video-preview:-1"},"canonical":"https:\/\/iakiaurre.com\/eu\/","og_locale":"en_US","og_type":"article","og_title":"Inicio - Iaki Aurre","og_description":"Sabores que despiertan sonrisas Sobre nosotros Desde 1993, AXLOR KAFE es mucho m\u00e1s que una cafeter\u00eda bar: es un lugar familiar donde cada detalle se prepara con cari\u00f1o y tradici\u00f3n. Dedicados al mundo de la hosteler\u00eda, ofrecemos un ambiente acogedor para disfrutar de buenos momentos acompa\u00f1ados de los mejores sabores. Nuestra historia comenz\u00f3 como un [&hellip;]","og_url":"https:\/\/iakiaurre.com\/eu\/","og_site_name":"Iaki Aurre","article_modified_time":"2025-11-07T10:09:41+00:00","og_image":[{"url":"https:\/\/iakiaurre.com\/wp-content\/uploads\/2025\/11\/20585165-683x1024.jpg","type":"","width":"","height":""}],"twitter_card":"summary_large_image","twitter_misc":{"Est. reading time":"1 minutua"},"schema":{"@context":"https:\/\/schema.org","@graph":[{"@type":"WebPage","@id":"https:\/\/iakiaurre.com\/","url":"https:\/\/iakiaurre.com\/","name":"Inicio - Iaki Aurre","isPartOf":{"@id":"https:\/\/iakiaurre.com\/#website"},"primaryImageOfPage":{"@id":"https:\/\/iakiaurre.com\/#primaryimage"},"image":{"@id":"https:\/\/iakiaurre.com\/#primaryimage"},"thumbnailUrl":"https:\/\/iakiaurre.com\/wp-content\/uploads\/2025\/11\/20585165-683x1024.jpg","datePublished":"2025-10-30T14:42:48+00:00","dateModified":"2025-11-07T10:09:41+00:00","breadcrumb":{"@id":"https:\/\/iakiaurre.com\/#breadcrumb"},"inLanguage":"eu","potentialAction":[{"@type":"ReadAction","target":["https:\/\/iakiaurre.com\/"]}]},{"@type":"ImageObject","inLanguage":"eu","@id":"https:\/\/iakiaurre.com\/#primaryimage","url":"https:\/\/iakiaurre.com\/wp-content\/uploads\/2025\/11\/20585165-683x1024.jpg","contentUrl":"https:\/\/iakiaurre.com\/wp-content\/uploads\/2025\/11\/20585165-683x1024.jpg"},{"@type":"BreadcrumbList","@id":"https:\/\/iakiaurre.com\/#breadcrumb","itemListElement":[{"@type":"ListItem","position":1,"name":"Portada","item":"https:\/\/iakiaurre.com\/"},{"@type":"ListItem","position":2,"name":"Inicio"}]},{"@type":"WebSite","@id":"https:\/\/iakiaurre.com\/#website","url":"https:\/\/iakiaurre.com\/","name":"Iaki Aurre","description":"Desayunos y boller\u00eda reposter\u00eda y pintxos. Raciones y encargos para llevar.","publisher":{"@id":"https:\/\/iakiaurre.com\/#organization"},"potentialAction":[{"@type":"SearchAction","target":{"@type":"EntryPoint","urlTemplate":"https:\/\/iakiaurre.com\/?s={search_term_string}"},"query-input":{"@type":"PropertyValueSpecification","valueRequired":true,"valueName":"search_term_string"}}],"inLanguage":"eu"},{"@type":"Organization","@id":"https:\/\/iakiaurre.com\/#organization","name":"Iaki Aurre","url":"https:\/\/iakiaurre.com\/","logo":{"@type":"ImageObject","inLanguage":"eu","@id":"https:\/\/iakiaurre.com\/#\/schema\/logo\/image\/","url":"https:\/\/iakiaurre.com\/wp-content\/uploads\/2025\/11\/cropped-logo.png","contentUrl":"https:\/\/iakiaurre.com\/wp-content\/uploads\/2025\/11\/cropped-logo.png","width":1363,"height":389,"caption":"Iaki Aurre"},"image":{"@id":"https:\/\/iakiaurre.com\/#\/schema\/logo\/image\/"}}]}},"_links":{"self":[{"href":"https:\/\/iakiaurre.com\/eu\/wp-json\/wp\/v2\/pages\/2","targetHints":{"allow":["GET"]}}],"collection":[{"href":"https:\/\/iakiaurre.com\/eu\/wp-json\/wp\/v2\/pages"}],"about":[{"href":"https:\/\/iakiaurre.com\/eu\/wp-json\/wp\/v2\/types\/page"}],"author":[{"embeddable":true,"href":"https:\/\/iakiaurre.com\/eu\/wp-json\/wp\/v2\/users\/1"}],"replies":[{"embeddable":true,"href":"https:\/\/iakiaurre.com\/eu\/wp-json\/wp\/v2\/comments?post=2"}],"version-history":[{"count":46,"href":"https:\/\/iakiaurre.com\/eu\/wp-json\/wp\/v2\/pages\/2\/revisions"}],"predecessor-version":[{"id":252,"href":"https:\/\/iakiaurre.com\/eu\/wp-json\/wp\/v2\/pages\/2\/revisions\/252"}],"wp:attachment":[{"href":"https:\/\/iakiaurre.com\/eu\/wp-json\/wp\/v2\/media?parent=2"}],"curies":[{"name":"wp","href":"https:\/\/api.w.org\/{rel}","templated":true}]}}